{"id":5595,"date":"2024-04-25T11:12:04","date_gmt":"2024-04-25T15:12:04","guid":{"rendered":"https:\/\/www.wizardpearson.com.py\/?page_id=5595"},"modified":"2024-04-25T12:08:36","modified_gmt":"2024-04-25T16:08:36","slug":"winner","status":"publish","type":"page","link":"https:\/\/www.wizardpearson.com.py\/pt\/winner\/","title":{"rendered":"Winner"},"content":{"rendered":"<section id=\"section-cfb1f7f\" class=\"section-c5bfffa py-32 cc-sct\"><div id=\"section-cfb1f7f-wrapper\" class=\"section-c5bfffa-wrapper cc-wrapper\">\n<div id=\"div-cefea25\" class=\"div-c775cd4 text-center\">\n<div id=\"div-c2b81d6\" class=\"div-c20e2b1\">\n<h1 id=\"heading-c854f05\" class=\"heading-cd6747c cc-block-typo-font-4\">\u00a1Winner, Winner!<\/h1>\n\n\n\n<h3 id=\"heading-ca02f84\" class=\"heading-cdff769 cc-block-typo-font-1\">Chicken Dinner<\/h3>\n<\/div>\n\n\n\n<div id=\"div-c5dd64d\" class=\"div-cccba61\">\n<p id=\"paragraph-c73b6ab\" class=\"paragraph-c19420b cc-block-typo-font-5\">Compartimos las listas de los ganadores.<\/p>\n<\/div>\n<\/div>\n<\/div><\/section>\n\n\n\n<section id=\"section-ce9b3e2\" class=\"section-ccaf209 pb-32 cc-sct\"><div id=\"section-ce9b3e2-wrapper\" class=\"section-ccaf209-wrapper cc-wrapper\">\n<div id=\"query-cb73fb6\" class=\"query-cb7ecea\" data-query_id=\"1\">\n<div id=\"querytemplate-cb89159\" class=\"querytemplate-c2163c5\" cc-query-template=\"\"><div class=\"cc-query-item\" data-lastpost=\"1\">\n<div id=\"div-cd8bde0\" class=\"div-c12cd3b shadow-xl\" style=\"--ccaos-duration:0.7s;--ccaos-easing:ease-in-outs;\" data-aos=\"fade-in-up-small\" data-aos-once=\"true\">\n<div id=\"div-c2988fa\" class=\"div-c08069c\" style=\"--background-image:url(https:\/\/www.wizardpearson.com.py\/wp-content\/uploads\/2024\/04\/ganador-beto-carrero-post-1.png);\">\n<div id=\"div-cbdd807\" class=\"div-cae612e\">\n<p id=\"paragraph-cf4b4e5\" class=\"paragraph-c509b45\">abril 3, 2024<\/p>\n<\/div>\n<\/div>\n\n\n\n<div id=\"div-cc9b5b1\" class=\"div-ce5e2a4\">\n<h1 id=\"heading-cca5dd4\" class=\"heading-c5d5ea2\">Yuly Ariana Ortiz Talavera &#8211; 611<\/h1>\n\n\n\n<p id=\"paragraph-ce7a9af\" class=\"paragraph-c24c686 pb-7 cc-block-typo-font-2\"><\/p>\n<\/div>\n<\/div>\n<\/div><\/div>\n<\/div>\n<\/div><\/section>\n\n\n\n<section id=\"section-cb02b6b\" class=\"section-cbd921e py-14 cc-sct\"><div id=\"section-cb02b6b-wrapper\" class=\"section-cbd921e-wrapper cc-wrapper\">\n<div id=\"div-cd89294\" class=\"div-c2b297f text-center\">\n<div id=\"div-c2ae31d\" class=\"div-cc473c4\">\n<h2 id=\"heading-cbc8f23\" class=\"heading-c360bbc cc-block-typo-font-1\">Bases y condiciones<\/h2>\n<\/div>\n\n\n\n<div id=\"div-cfabd12\" class=\"div-c65bdbd\">\n<p id=\"paragraph-ceabc1c\" class=\"paragraph-cb663e0 cc-block-typo-font-5\"><a href=\"https:\/\/www.wizardpearson.com.py\/wp-content\/uploads\/2024\/04\/Wizard-Bases-y-condiciones-VIAJA-CON-WIZARD.pdf\" data-type=\"link\" data-id=\"https:\/\/www.wizardpearson.com.py\/wp-content\/uploads\/2024\/04\/Wizard-Bases-y-condiciones-VIAJA-CON-WIZARD.pdf\">&#8220;Viaj\u00e1 con Wizard&#8221; &#8211; Beto Carrero &#8211; Abril 2024<\/a><\/p>\n<\/div>\n<\/div>\n<\/div><\/section>\n\n\n\n<section id=\"section-cb07bc0\" class=\"section-c5e9d98 py-14 cc-sct\"><div id=\"section-cb07bc0-wrapper\" class=\"section-c5e9d98-wrapper cc-wrapper\">\n<div id=\"div-cdaffad\" class=\"div-ce14862 text-center\">\n<div id=\"div-c2b88c7\" class=\"div-c69c366\">\n<p id=\"paragraph-c9a416b\" class=\"paragraph-c721356\">Qu\u00e9date atento a nuestras redes sociales para pr\u00f3ximas promociones, vos podes ser el pr\u00f3ximo ganador \ud83d\ude09\ud83e\udef5<\/p>\n\n\n\n<p id=\"paragraph-c502a61\" class=\"paragraph-ce85e38\">Con Wizard, la diversi\u00f3n y el aprendizaje est\u00e1n garantizados.<\/p>\n<\/div>\n<\/div>\n<\/div><\/section>","protected":false},"excerpt":{"rendered":"","protected":false},"author":1,"featured_media":0,"parent":0,"menu_order":0,"comment_status":"closed","ping_status":"closed","template":"","meta":{"_acf_changed":false,"footnotes":""},"class_list":["post-5595","page","type-page","status-publish","hentry"],"acf":[],"_links":{"self":[{"href":"https:\/\/www.wizardpearson.com.py\/pt\/wp-json\/wp\/v2\/pages\/5595","targetHints":{"allow":["GET"]}}],"collection":[{"href":"https:\/\/www.wizardpearson.com.py\/pt\/wp-json\/wp\/v2\/pages"}],"about":[{"href":"https:\/\/www.wizardpearson.com.py\/pt\/wp-json\/wp\/v2\/types\/page"}],"author":[{"embeddable":true,"href":"https:\/\/www.wizardpearson.com.py\/pt\/wp-json\/wp\/v2\/users\/1"}],"replies":[{"embeddable":true,"href":"https:\/\/www.wizardpearson.com.py\/pt\/wp-json\/wp\/v2\/comments?post=5595"}],"version-history":[{"count":11,"href":"https:\/\/www.wizardpearson.com.py\/pt\/wp-json\/wp\/v2\/pages\/5595\/revisions"}],"predecessor-version":[{"id":5619,"href":"https:\/\/www.wizardpearson.com.py\/pt\/wp-json\/wp\/v2\/pages\/5595\/revisions\/5619"}],"wp:attachment":[{"href":"https:\/\/www.wizardpearson.com.py\/pt\/wp-json\/wp\/v2\/media?parent=5595"}],"curies":[{"name":"wp","href":"https:\/\/api.w.org\/{rel}","templated":true}]}}