{"id":451,"date":"2022-07-05T23:54:48","date_gmt":"2022-07-06T03:54:48","guid":{"rendered":"https:\/\/www.wizardpearson.com.py\/?page_id=451"},"modified":"2024-02-16T14:07:20","modified_gmt":"2024-02-16T17:07:20","slug":"muy-pronto","status":"publish","type":"page","link":"https:\/\/www.wizardpearson.com.py\/pt\/muy-pronto\/","title":{"rendered":"Muy Pronto"},"content":{"rendered":"<section id=\"section-c2fe1c6\" class=\"section-ce1b5b7 cc-sct\"><div id=\"section-c2fe1c6-wrapper\" class=\"section-ce1b5b7-wrapper cc-wrapper\">\n<img decoding=\"async\" id=\"image-c8e06d9\" class=\"image-cdd294e\" src=\"https:\/\/www.wizardpearson.com.py\/wp-content\/uploads\/2022\/06\/wizard-logo-primary-light.svg\" srcset=\"\" sizes=\"\" width=\"\" height=\"\" alt=\"\" style=\"--ccaos-duration:0.8s;--ccaos-easing:ease-in-outs;\" data-aos=\"fade-in-up-small\" data-aos-once=\"true\">\n\n\n\n<h1 id=\"heading-c7afdbb\" class=\"heading-c8901c0\" style=\"--ccaos-duration:1.2s;--ccaos-delay:0.5s;--ccaos-easing:cubic-bezier(0.32, 0, 0.67, 0)s;\" data-aos=\"fade-in-up-small\" data-aos-once=\"true\">Em breve no Paraguai<\/h1>\n\n\n\n<a id=\"icon-ca38b41\" class=\"icon-c1733e9 cc-lightbox\" style=\"--ccaos-duration:0.8s;--ccaos-easing:ease-ins;\" href=\"https:\/\/www.youtube.com\/watch?v=Km8mDPhSqy0\" data-lightbox=\"\" data-gallery=\"icon-c8acadf\" data-aos=\"fade-in-up\" data-aos-once=\"true\" rel=\"nofollow noopener\" target=\"_blank\"><svg xmlns=\"http:\/\/www.w3.org\/2000\/svg\" viewbox=\"0 0 32 32\"><path d=\"M10 28.998c-0 0-0 0-0.001 0-1.104 0-1.999-0.895-1.999-1.999 0-0 0-0 0-0v0-21.997c0-1.105 0.895-2 2-2 0.386 0 0.746 0.109 1.052 0.298l-0.009-0.005 17.997 10.999c0.578 0.357 0.957 0.988 0.957 1.707s-0.379 1.349-0.948 1.702l-0.009 0.005-17.997 10.999c-0.297 0.184-0.657 0.293-1.042 0.293-0 0-0.001 0-0.001 0h0zM10 5.001v21.997l17.997-10.999z\"><\/path><\/svg><\/a>\n<\/div><\/section>\n\n\n\n<section id=\"section-cee3ab9\" class=\"section-cf697b5 cc-sct cc-ovrl\"><div id=\"section-cee3ab9-wrapper\" class=\"section-cf697b5-wrapper cc-wrapper\">\n<div id=\"div-c734c5e\" class=\"div-c59918e\"><\/div>\n\n\n\n<div id=\"columns-c386b05\" class=\"columns-cd95069\">\n<div id=\"column-c942179\" class=\"column-c4fe15b\">\n<a id=\"div-cae6640\" class=\"div-cba9b01\" href=\"https:\/\/www.wizardpearson.com.py\/pt\">\n<img decoding=\"async\" id=\"image-cf3a9cd\" class=\"image-ce51db6\" src=\"https:\/\/www.wizardpearson.com.py\/wp-content\/uploads\/2022\/06\/wizard-logo-primary-light.svg\" srcset=\"\" sizes=\"\" width=\"\" height=\"\" alt=\"\">\n<\/a>\n\n\n\n<p id=\"paragraph-cbad900\" class=\"paragraph-c665838\">Com o Wizard, voc\u00ea pode falar ingl\u00eas.<br>H\u00e1 sempre um Wizard onde quer que esteja!<\/p>\n\n\n\n<div id=\"div-cf42610\" class=\"div-c4703ce\">\n<a id=\"icon-ce1c18d\" class=\"icon-c7d76f6\" href=\"https:\/\/www.instagram.com\/wizard_py\/\" rel=\"noopener nofollow\" target=\"_blank\"><svg xmlns=\"http:\/\/www.w3.org\/2000\/svg\" viewbox=\"0 0 24 28\"><path d=\"M16 14c0-2.203-1.797-4-4-4s-4 1.797-4 4 1.797 4 4 4 4-1.797 4-4zM18.156 14c0 3.406-2.75 6.156-6.156 6.156s-6.156-2.75-6.156-6.156 2.75-6.156 6.156-6.156 6.156 2.75 6.156 6.156zM19.844 7.594c0 0.797-0.641 1.437-1.437 1.437s-1.437-0.641-1.437-1.437 0.641-1.437 1.437-1.437 1.437 0.641 1.437 1.437zM12 4.156c-1.75 0-5.5-0.141-7.078 0.484-0.547 0.219-0.953 0.484-1.375 0.906s-0.688 0.828-0.906 1.375c-0.625 1.578-0.484 5.328-0.484 7.078s-0.141 5.5 0.484 7.078c0.219 0.547 0.484 0.953 0.906 1.375s0.828 0.688 1.375 0.906c1.578 0.625 5.328 0.484 7.078 0.484s5.5 0.141 7.078-0.484c0.547-0.219 0.953-0.484 1.375-0.906s0.688-0.828 0.906-1.375c0.625-1.578 0.484-5.328 0.484-7.078s0.141-5.5-0.484-7.078c-0.219-0.547-0.484-0.953-0.906-1.375s-0.828-0.688-1.375-0.906c-1.578-0.625-5.328-0.484-7.078-0.484zM24 14c0 1.656 0.016 3.297-0.078 4.953-0.094 1.922-0.531 3.625-1.937 5.031s-3.109 1.844-5.031 1.937c-1.656 0.094-3.297 0.078-4.953 0.078s-3.297 0.016-4.953-0.078c-1.922-0.094-3.625-0.531-5.031-1.937s-1.844-3.109-1.937-5.031c-0.094-1.656-0.078-3.297-0.078-4.953s-0.016-3.297 0.078-4.953c0.094-1.922 0.531-3.625 1.937-5.031s3.109-1.844 5.031-1.937c1.656-0.094 3.297-0.078 4.953-0.078s3.297-0.016 4.953 0.078c1.922 0.094 3.625 0.531 5.031 1.937s1.844 3.109 1.937 5.031c0.094 1.656 0.078 3.297 0.078 4.953z\"><\/path><\/svg><\/a>\n<\/div>\n<\/div>\n\n\n\n<div id=\"column-c7f7189\" class=\"column-cbe5d1e\">\n<div id=\"div-c4d9b0b\" class=\"div-c1ae306\">\n<h4 id=\"heading-c136444\" class=\"heading-cee30cd\">Inscreva-se agora e receba o que voc\u00ea precisa para aprender ingl\u00eas!<\/h4>\n\n\n<form action=\"https:\/\/www.wizardpearson.com.py\/pt\/wp-json\/ws-form\/v1\/submit\" class=\"wsf-form wsf-form-canvas\" id=\"ws-form-1\" data-id=\"1\" method=\"POST\" data-instance-id=\"1\" data-wsf-style-id=\"1\" data-trp-original-action=\"https:\/\/www.wizardpearson.com.py\/pt\/wp-json\/ws-form\/v1\/submit\"><input type=\"hidden\" name=\"trp-form-language\" value=\"pt\"\/><\/form><\/div>\n<\/div>\n<\/div>\n\n\n\n<div id=\"div-cf437d5\" class=\"div-c0220f9\"><\/div>\n\n\n\n<p id=\"paragraph-c1dfe03\" class=\"paragraph-c8fb86c\"><meta charset=\"utf-8\">\u00a9 2022 Wizard by Pearson | Todos os direitos reservados<\/p>\n<\/div><\/section>","protected":false},"excerpt":{"rendered":"","protected":false},"author":1,"featured_media":0,"parent":0,"menu_order":0,"comment_status":"closed","ping_status":"closed","template":"wp-custom-template-blank","meta":{"_acf_changed":false,"footnotes":""},"class_list":["post-451","page","type-page","status-publish","hentry"],"acf":[],"_links":{"self":[{"href":"https:\/\/www.wizardpearson.com.py\/pt\/wp-json\/wp\/v2\/pages\/451","targetHints":{"allow":["GET"]}}],"collection":[{"href":"https:\/\/www.wizardpearson.com.py\/pt\/wp-json\/wp\/v2\/pages"}],"about":[{"href":"https:\/\/www.wizardpearson.com.py\/pt\/wp-json\/wp\/v2\/types\/page"}],"author":[{"embeddable":true,"href":"https:\/\/www.wizardpearson.com.py\/pt\/wp-json\/wp\/v2\/users\/1"}],"replies":[{"embeddable":true,"href":"https:\/\/www.wizardpearson.com.py\/pt\/wp-json\/wp\/v2\/comments?post=451"}],"version-history":[{"count":28,"href":"https:\/\/www.wizardpearson.com.py\/pt\/wp-json\/wp\/v2\/pages\/451\/revisions"}],"predecessor-version":[{"id":1718,"href":"https:\/\/www.wizardpearson.com.py\/pt\/wp-json\/wp\/v2\/pages\/451\/revisions\/1718"}],"wp:attachment":[{"href":"https:\/\/www.wizardpearson.com.py\/pt\/wp-json\/wp\/v2\/media?parent=451"}],"curies":[{"name":"wp","href":"https:\/\/api.w.org\/{rel}","templated":true}]}}