{"id":3727,"date":"2024-03-06T15:51:17","date_gmt":"2024-03-06T18:51:17","guid":{"rendered":"https:\/\/www.wizardpearson.com.py\/?page_id=3727"},"modified":"2025-07-25T14:44:30","modified_gmt":"2025-07-25T18:44:30","slug":"about-us","status":"publish","type":"page","link":"https:\/\/www.wizardpearson.com.py\/pt\/about-us\/","title":{"rendered":"Somos"},"content":{"rendered":"<section id=\"section-c7e1753\" class=\"section-c64fa4a cc-sct\"><div id=\"section-c7e1753-wrapper\" class=\"section-c64fa4a-wrapper cc-wrapper\">\n<a id=\"div-cd2d43e\" class=\"div-c97705d\" href=\"https:\/\/www.wizardpearson.com.py\/pt\/about-us\/#apply\">\n<img decoding=\"async\" id=\"image-c177142\" class=\"image-c834649\" src=\"https:\/\/www.wizardpearson.com.py\/wp-content\/uploads\/2025\/07\/wizard-desktop-V1-scaled.png\" alt=\"\">\n\n\n\n<img loading=\"lazy\" decoding=\"async\" id=\"image-c9bed62\" class=\"image-c65822a\" src=\"https:\/\/www.wizardpearson.com.py\/wp-content\/uploads\/2024\/03\/wizard-la-escuela-de-idiomas-mas-grande-del-mundo-wz.png\" srcset=\"https:\/\/www.wizardpearson.com.py\/wp-content\/uploads\/2024\/03\/wizard-la-escuela-de-idiomas-mas-grande-del-mundo-wz.png 1459w, https:\/\/www.wizardpearson.com.py\/wp-content\/uploads\/2024\/03\/wizard-la-escuela-de-idiomas-mas-grande-del-mundo-wz-210x300.png 210w, https:\/\/www.wizardpearson.com.py\/wp-content\/uploads\/2024\/03\/wizard-la-escuela-de-idiomas-mas-grande-del-mundo-wz-717x1024.png 717w, https:\/\/www.wizardpearson.com.py\/wp-content\/uploads\/2024\/03\/wizard-la-escuela-de-idiomas-mas-grande-del-mundo-wz-768x1098.png 768w, https:\/\/www.wizardpearson.com.py\/wp-content\/uploads\/2024\/03\/wizard-la-escuela-de-idiomas-mas-grande-del-mundo-wz-1075x1536.png 1075w, https:\/\/www.wizardpearson.com.py\/wp-content\/uploads\/2024\/03\/wizard-la-escuela-de-idiomas-mas-grande-del-mundo-wz-1433x2048.png 1433w, https:\/\/www.wizardpearson.com.py\/wp-content\/uploads\/2024\/03\/wizard-la-escuela-de-idiomas-mas-grande-del-mundo-wz-8x12.png 8w\" sizes=\"auto, (max-width: 1459px) 100vw, 1459px\" width=\"1459\" height=\"2085\" alt=\"\">\n<\/a>\n<\/div><\/section>\n\n\n\n<section id=\"section-c710b86\" class=\"section-c25ca8c pb-32 cc-sct\"><div class=\"cc-separator-wrapper-bottom cc-separator-section-c710b86\" style=\"--filterbottomseparator:none;transform:rotateZ(180deg) scaleX(-1)\"><svg class=\"cc-separator-bottom-self\" xmlns=\"http:\/\/www.w3.org\/2000\/svg\" viewbox=\"0 0 1000 100\" preserveaspectratio=\"none\"> <path d=\"M0,6V0h1000v100L0,6z\"><\/path><\/svg><\/div><div id=\"section-c710b86-wrapper\" class=\"section-c25ca8c-wrapper cc-wrapper\">\n<div id=\"div-c2057af\" class=\"div-c0cb385\">\n<img loading=\"lazy\" decoding=\"async\" id=\"image-c26c34d\" class=\"image-c5c0ef3\" src=\"https:\/\/www.wizardpearson.com.py\/wp-content\/uploads\/2024\/03\/wz-hero.jpg\" srcset=\"https:\/\/www.wizardpearson.com.py\/wp-content\/uploads\/2024\/03\/wz-hero.jpg 1404w, https:\/\/www.wizardpearson.com.py\/wp-content\/uploads\/2024\/03\/wz-hero-300x124.jpg 300w, https:\/\/www.wizardpearson.com.py\/wp-content\/uploads\/2024\/03\/wz-hero-1024x422.jpg 1024w, https:\/\/www.wizardpearson.com.py\/wp-content\/uploads\/2024\/03\/wz-hero-768x317.jpg 768w, https:\/\/www.wizardpearson.com.py\/wp-content\/uploads\/2024\/03\/wz-hero-18x7.jpg 18w\" sizes=\"auto, (max-width: 1404px) 100vw, 1404px\" width=\"1404\" height=\"579\" alt=\"\">\n<\/div>\n\n\n\n<div id=\"div-c1d6e8c\" class=\"div-c900de7\">\n<div id=\"columns-c28e560\" class=\"columns-cbf5519\">\n<div id=\"column-ca71731\" class=\"column-c0dc5d5\"><\/div>\n\n\n\n<div id=\"column-c45db93\" class=\"column-ce570a6\">\n<div id=\"div-c87d32e\" class=\"div-cf4b9ee\">\n<h1 id=\"heading-c0222d0\" class=\"heading-ca1efd9\">+30<\/h1>\n\n\n\n<p id=\"paragraph-c32e72c\" class=\"paragraph-c823224\">a\u00f1os de historia <\/p>\n<\/div>\n<\/div>\n\n\n\n<div id=\"column-c53d676\" class=\"column-c59a211\">\n<div id=\"icon-cf9e08f\" class=\"icon-caba963\"><svg xmlns=\"http:\/\/www.w3.org\/2000\/svg\" viewbox=\"0 0 23 28\"><path d=\"M23 15c0 0.531-0.203 1.047-0.578 1.422l-10.172 10.172c-0.375 0.359-0.891 0.578-1.422 0.578s-1.031-0.219-1.406-0.578l-1.172-1.172c-0.375-0.375-0.594-0.891-0.594-1.422s0.219-1.047 0.594-1.422l4.578-4.578h-11c-1.125 0-1.828-0.938-1.828-2v-2c0-1.062 0.703-2 1.828-2h11l-4.578-4.594c-0.375-0.359-0.594-0.875-0.594-1.406s0.219-1.047 0.594-1.406l1.172-1.172c0.375-0.375 0.875-0.594 1.406-0.594s1.047 0.219 1.422 0.594l10.172 10.172c0.375 0.359 0.578 0.875 0.578 1.406z\"><\/path><\/svg><\/div>\n\n\n\n<div id=\"icon-ca94557\" class=\"icon-c85abf9\"><svg xmlns=\"http:\/\/www.w3.org\/2000\/svg\" viewbox=\"0 0 26 28\"><path d=\"M25.172 13c0 0.531-0.219 1.047-0.578 1.406l-10.172 10.187c-0.375 0.359-0.891 0.578-1.422 0.578s-1.047-0.219-1.406-0.578l-10.172-10.187c-0.375-0.359-0.594-0.875-0.594-1.406s0.219-1.047 0.594-1.422l1.156-1.172c0.375-0.359 0.891-0.578 1.422-0.578s1.047 0.219 1.406 0.578l4.594 4.594v-11c0-1.094 0.906-2 2-2h2c1.094 0 2 0.906 2 2v11l4.594-4.594c0.359-0.359 0.875-0.578 1.406-0.578s1.047 0.219 1.422 0.578l1.172 1.172c0.359 0.375 0.578 0.891 0.578 1.422z\"><\/path><\/svg><\/div>\n<\/div>\n\n\n\n<div id=\"column-c53a1fe\" class=\"column-c002c1e\">\n<div id=\"div-cb9876e\" class=\"div-c7b580d\">\n<img loading=\"lazy\" decoding=\"async\" id=\"image-c252303\" class=\"image-cf20f39\" src=\"https:\/\/www.wizardpearson.com.py\/wp-content\/uploads\/2024\/03\/PearsonLogo_Horizontal_Blk_RGB.png\" srcset=\"https:\/\/www.wizardpearson.com.py\/wp-content\/uploads\/2024\/03\/PearsonLogo_Horizontal_Blk_RGB.png 3758w, https:\/\/www.wizardpearson.com.py\/wp-content\/uploads\/2024\/03\/PearsonLogo_Horizontal_Blk_RGB-300x136.png 300w, https:\/\/www.wizardpearson.com.py\/wp-content\/uploads\/2024\/03\/PearsonLogo_Horizontal_Blk_RGB-1024x463.png 1024w, https:\/\/www.wizardpearson.com.py\/wp-content\/uploads\/2024\/03\/PearsonLogo_Horizontal_Blk_RGB-768x347.png 768w, https:\/\/www.wizardpearson.com.py\/wp-content\/uploads\/2024\/03\/PearsonLogo_Horizontal_Blk_RGB-1536x695.png 1536w, https:\/\/www.wizardpearson.com.py\/wp-content\/uploads\/2024\/03\/PearsonLogo_Horizontal_Blk_RGB-2048x926.png 2048w, https:\/\/www.wizardpearson.com.py\/wp-content\/uploads\/2024\/03\/PearsonLogo_Horizontal_Blk_RGB-18x8.png 18w\" sizes=\"auto, (max-width: 3758px) 100vw, 3758px\" width=\"3758\" height=\"1700\" alt=\"\">\n\n\n\n<p id=\"paragraph-c0eed07\" class=\"paragraph-c1d2d0e\">Formamos parte de la mayor empresa de educaci\u00f3n del mundo <\/p>\n<\/div>\n<\/div>\n\n\n\n<div id=\"column-cc450f4\" class=\"column-c82ce1b\"><\/div>\n<\/div>\n<\/div>\n\n\n\n<div id=\"div-ccd9011\" class=\"div-c40fc75\">\n<div id=\"columns-c204cc3\" class=\"columns-cadec87 py-14\">\n<div id=\"column-c2402fc\" class=\"column-cc668d5\"><\/div>\n\n\n\n<div id=\"column-cb61142\" class=\"column-cb3e751\">\n<p id=\"paragraph-ca40c48\" class=\"paragraph-c9f14c4\">Materiales, tecnolog\u00eda y metodolog\u00eda exclusiva de ense\u00f1anza son parte de nuestros diferenciales.<\/p>\n<\/div>\n\n\n\n<div id=\"column-ca010d6\" class=\"column-c7733e2\">\n<div id=\"icon-c0159db\" class=\"icon-c362948\"><svg xmlns=\"http:\/\/www.w3.org\/2000\/svg\" viewbox=\"0 0 23 28\"><path d=\"M23 15c0 0.531-0.203 1.047-0.578 1.422l-10.172 10.172c-0.375 0.359-0.891 0.578-1.422 0.578s-1.031-0.219-1.406-0.578l-1.172-1.172c-0.375-0.375-0.594-0.891-0.594-1.422s0.219-1.047 0.594-1.422l4.578-4.578h-11c-1.125 0-1.828-0.938-1.828-2v-2c0-1.062 0.703-2 1.828-2h11l-4.578-4.594c-0.375-0.359-0.594-0.875-0.594-1.406s0.219-1.047 0.594-1.406l1.172-1.172c0.375-0.375 0.875-0.594 1.406-0.594s1.047 0.219 1.422 0.594l10.172 10.172c0.375 0.359 0.578 0.875 0.578 1.406z\"><\/path><\/svg><\/div>\n\n\n\n<div id=\"icon-ca66492\" class=\"icon-c506d86\"><svg xmlns=\"http:\/\/www.w3.org\/2000\/svg\" viewbox=\"0 0 26 28\"><path d=\"M25.172 13c0 0.531-0.219 1.047-0.578 1.406l-10.172 10.187c-0.375 0.359-0.891 0.578-1.422 0.578s-1.047-0.219-1.406-0.578l-10.172-10.187c-0.375-0.359-0.594-0.875-0.594-1.406s0.219-1.047 0.594-1.422l1.156-1.172c0.375-0.359 0.891-0.578 1.422-0.578s1.047 0.219 1.406 0.578l4.594 4.594v-11c0-1.094 0.906-2 2-2h2c1.094 0 2 0.906 2 2v11l4.594-4.594c0.359-0.359 0.875-0.578 1.406-0.578s1.047 0.219 1.422 0.578l1.172 1.172c0.359 0.375 0.578 0.891 0.578 1.422z\"><\/path><\/svg><\/div>\n<\/div>\n\n\n\n<div id=\"column-c03330b\" class=\"column-cbbe322\">\n<img loading=\"lazy\" decoding=\"async\" id=\"image-c1b4e9c\" class=\"image-c26483c\" src=\"https:\/\/www.wizardpearson.com.py\/wp-content\/uploads\/2024\/03\/wz-materiales-w.png\" srcset=\"https:\/\/www.wizardpearson.com.py\/wp-content\/uploads\/2024\/03\/wz-materiales-w.png 1424w, https:\/\/www.wizardpearson.com.py\/wp-content\/uploads\/2024\/03\/wz-materiales-w-300x95.png 300w, https:\/\/www.wizardpearson.com.py\/wp-content\/uploads\/2024\/03\/wz-materiales-w-1024x325.png 1024w, https:\/\/www.wizardpearson.com.py\/wp-content\/uploads\/2024\/03\/wz-materiales-w-768x244.png 768w, https:\/\/www.wizardpearson.com.py\/wp-content\/uploads\/2024\/03\/wz-materiales-w-18x6.png 18w\" sizes=\"auto, (max-width: 1424px) 100vw, 1424px\" width=\"1424\" height=\"452\" alt=\"\">\n<\/div>\n\n\n\n<div id=\"column-c49177c\" class=\"column-c024ddc\"><\/div>\n<\/div>\n<\/div>\n\n\n\n<div id=\"div-c7616f1\" class=\"div-c8671a8\">\n<div id=\"columns-cb74dee\" class=\"columns-caf4083\">\n<div id=\"column-c24712f\" class=\"column-c6b08d6\"><\/div>\n\n\n\n<div id=\"column-c134a3b\" class=\"column-cd97949\">\n<div id=\"div-c7eb745\" class=\"div-c80b17b\">\n<h1 id=\"heading-c1362e5\" class=\"heading-c2ffaff\">+1.200<\/h1>\n\n\n\n<p id=\"paragraph-c36a24c\" class=\"paragraph-cda38d1\">sedes a nivel global<\/p>\n<\/div>\n<\/div>\n\n\n\n<div id=\"column-cff60cd\" class=\"column-c786c64\">\n<div id=\"icon-cd53b2a\" class=\"icon-c533a63\"><svg xmlns=\"http:\/\/www.w3.org\/2000\/svg\" viewbox=\"0 0 23 28\"><path d=\"M23 15c0 0.531-0.203 1.047-0.578 1.422l-10.172 10.172c-0.375 0.359-0.891 0.578-1.422 0.578s-1.031-0.219-1.406-0.578l-1.172-1.172c-0.375-0.375-0.594-0.891-0.594-1.422s0.219-1.047 0.594-1.422l4.578-4.578h-11c-1.125 0-1.828-0.938-1.828-2v-2c0-1.062 0.703-2 1.828-2h11l-4.578-4.594c-0.375-0.359-0.594-0.875-0.594-1.406s0.219-1.047 0.594-1.406l1.172-1.172c0.375-0.375 0.875-0.594 1.406-0.594s1.047 0.219 1.422 0.594l10.172 10.172c0.375 0.359 0.578 0.875 0.578 1.406z\"><\/path><\/svg><\/div>\n\n\n\n<div id=\"icon-ced1e26\" class=\"icon-c72f5c8\"><svg xmlns=\"http:\/\/www.w3.org\/2000\/svg\" viewbox=\"0 0 26 28\"><path d=\"M25.172 13c0 0.531-0.219 1.047-0.578 1.406l-10.172 10.187c-0.375 0.359-0.891 0.578-1.422 0.578s-1.047-0.219-1.406-0.578l-10.172-10.187c-0.375-0.359-0.594-0.875-0.594-1.406s0.219-1.047 0.594-1.422l1.156-1.172c0.375-0.359 0.891-0.578 1.422-0.578s1.047 0.219 1.406 0.578l4.594 4.594v-11c0-1.094 0.906-2 2-2h2c1.094 0 2 0.906 2 2v11l4.594-4.594c0.359-0.359 0.875-0.578 1.406-0.578s1.047 0.219 1.422 0.578l1.172 1.172c0.359 0.375 0.578 0.891 0.578 1.422z\"><\/path><\/svg><\/div>\n<\/div>\n\n\n\n<div id=\"column-caa3631\" class=\"column-c4ff3fe\">\n<div id=\"div-c16f5a6\" class=\"div-c4af2b5\">\n<a id=\"div-c4d8368\" class=\"div-cdd7610\" href=\"https:\/\/goo.gl\/maps\/tEFx1MDvR1xm1JzC8\" rel=\"nofollow noopener\" target=\"_blank\">\n<img loading=\"lazy\" decoding=\"async\" id=\"image-ca6ec68\" class=\"image-c34dac1\" src=\"https:\/\/www.wizardpearson.com.py\/wp-content\/uploads\/2024\/03\/asuncion.png\" srcset=\"https:\/\/www.wizardpearson.com.py\/wp-content\/uploads\/2024\/03\/asuncion.png 256w, https:\/\/www.wizardpearson.com.py\/wp-content\/uploads\/2024\/03\/asuncion-150x150.png 150w, https:\/\/www.wizardpearson.com.py\/wp-content\/uploads\/2024\/03\/asuncion-12x12.png 12w\" sizes=\"auto, (max-width: 256px) 100vw, 256px\" width=\"256\" height=\"256\" alt=\"\">\n\n\n\n<p id=\"paragraph-cbe55df\" class=\"paragraph-c729289\">Asunci\u00f3n<\/p>\n<\/a>\n\n\n\n<a id=\"div-c98980f\" class=\"div-c1f02c3 div-cdd7610\" href=\"https:\/\/goo.gl\/maps\/pcw5UHQXpXWG4bZt8\" rel=\"nofollow noopener\" target=\"_blank\">\n<img loading=\"lazy\" decoding=\"async\" id=\"image-cd172bc\" class=\"image-c486a0c\" src=\"https:\/\/www.wizardpearson.com.py\/wp-content\/uploads\/2024\/03\/cde.png\" srcset=\"https:\/\/www.wizardpearson.com.py\/wp-content\/uploads\/2024\/03\/cde.png 256w, https:\/\/www.wizardpearson.com.py\/wp-content\/uploads\/2024\/03\/cde-150x150.png 150w, https:\/\/www.wizardpearson.com.py\/wp-content\/uploads\/2024\/03\/cde-12x12.png 12w\" sizes=\"auto, (max-width: 256px) 100vw, 256px\" width=\"256\" height=\"256\" alt=\"\">\n\n\n\n<p id=\"paragraph-c543092\" class=\"paragraph-c553c6b\">Cuidad del Este<\/p>\n\n\n\n<p id=\"paragraph-c75aa78\" class=\"paragraph-c225e17\">CDE<\/p>\n<\/a>\n\n\n\n<a id=\"div-c3f2602\" class=\"div-cd9548e div-cdd7610\" href=\"https:\/\/goo.gl\/maps\/8ib7W8QTJvQzQzsr9\" rel=\"nofollow noopener\" target=\"_blank\">\n<img loading=\"lazy\" decoding=\"async\" id=\"image-cbd1eb1\" class=\"image-ccffe63\" src=\"https:\/\/www.wizardpearson.com.py\/wp-content\/uploads\/2024\/03\/encarnacion.png\" srcset=\"https:\/\/www.wizardpearson.com.py\/wp-content\/uploads\/2024\/03\/encarnacion.png 256w, https:\/\/www.wizardpearson.com.py\/wp-content\/uploads\/2024\/03\/encarnacion-150x150.png 150w, https:\/\/www.wizardpearson.com.py\/wp-content\/uploads\/2024\/03\/encarnacion-12x12.png 12w\" sizes=\"auto, (max-width: 256px) 100vw, 256px\" width=\"256\" height=\"256\" alt=\"\">\n\n\n\n<p id=\"paragraph-c5fa98b\" class=\"paragraph-cdf22ed\">Encarnaci\u00f3n<\/p>\n<\/a>\n<\/div>\n<\/div>\n\n\n\n<div id=\"column-c822759\" class=\"column-cbc1f14\"><\/div>\n<\/div>\n<\/div>\n\n\n\n<div id=\"div-ce0ff0a\" class=\"div-c69ccc0\">\n<div id=\"div-cd01385\" class=\"div-ceb98bd\">\n<h1 id=\"heading-c9b730b\" class=\"heading-cc79893\">+1.200<\/h1>\n\n\n\n<p id=\"paragraph-cc7290e\" class=\"paragraph-c3e85ec\">sedes a nivel global<\/p>\n<\/div>\n\n\n\n<div id=\"icon-c0bf7e5\" class=\"icon-c1f6aaa\"><svg xmlns=\"http:\/\/www.w3.org\/2000\/svg\" viewbox=\"0 0 23 28\"><path d=\"M23 15c0 0.531-0.203 1.047-0.578 1.422l-10.172 10.172c-0.375 0.359-0.891 0.578-1.422 0.578s-1.031-0.219-1.406-0.578l-1.172-1.172c-0.375-0.375-0.594-0.891-0.594-1.422s0.219-1.047 0.594-1.422l4.578-4.578h-11c-1.125 0-1.828-0.938-1.828-2v-2c0-1.062 0.703-2 1.828-2h11l-4.578-4.594c-0.375-0.359-0.594-0.875-0.594-1.406s0.219-1.047 0.594-1.406l1.172-1.172c0.375-0.375 0.875-0.594 1.406-0.594s1.047 0.219 1.422 0.594l10.172 10.172c0.375 0.359 0.578 0.875 0.578 1.406z\"><\/path><\/svg><\/div>\n\n\n\n<div id=\"div-ccff3e8\" class=\"div-c951d28\">\n<img loading=\"lazy\" decoding=\"async\" id=\"image-c971ff5\" class=\"image-c14f54b\" src=\"https:\/\/www.wizardpearson.com.py\/wp-content\/uploads\/2024\/03\/asuncion.png\" srcset=\"https:\/\/www.wizardpearson.com.py\/wp-content\/uploads\/2024\/03\/asuncion.png 256w, https:\/\/www.wizardpearson.com.py\/wp-content\/uploads\/2024\/03\/asuncion-150x150.png 150w, https:\/\/www.wizardpearson.com.py\/wp-content\/uploads\/2024\/03\/asuncion-12x12.png 12w\" sizes=\"auto, (max-width: 256px) 100vw, 256px\" width=\"256\" height=\"256\" alt=\"\">\n\n\n\n<img loading=\"lazy\" decoding=\"async\" id=\"image-cb71f7a\" class=\"image-c8abbaa\" src=\"https:\/\/www.wizardpearson.com.py\/wp-content\/uploads\/2024\/03\/cde.png\" srcset=\"https:\/\/www.wizardpearson.com.py\/wp-content\/uploads\/2024\/03\/cde.png 256w, https:\/\/www.wizardpearson.com.py\/wp-content\/uploads\/2024\/03\/cde-150x150.png 150w, https:\/\/www.wizardpearson.com.py\/wp-content\/uploads\/2024\/03\/cde-12x12.png 12w\" sizes=\"auto, (max-width: 256px) 100vw, 256px\" width=\"256\" height=\"256\" alt=\"\">\n\n\n\n<img loading=\"lazy\" decoding=\"async\" id=\"image-ce7d3f2\" class=\"image-c5fb38d\" src=\"https:\/\/www.wizardpearson.com.py\/wp-content\/uploads\/2024\/03\/encarnacion.png\" srcset=\"https:\/\/www.wizardpearson.com.py\/wp-content\/uploads\/2024\/03\/encarnacion.png 256w, https:\/\/www.wizardpearson.com.py\/wp-content\/uploads\/2024\/03\/encarnacion-150x150.png 150w, https:\/\/www.wizardpearson.com.py\/wp-content\/uploads\/2024\/03\/encarnacion-12x12.png 12w\" sizes=\"auto, (max-width: 256px) 100vw, 256px\" width=\"256\" height=\"256\" alt=\"\">\n<\/div>\n<\/div>\n<\/div><\/section>\n\n\n\n<section id=\"section-c0704db\" class=\"section-c27e7fa py-32 cc-sct\"><div id=\"section-c0704db-wrapper\" class=\"section-c27e7fa-wrapper cc-wrapper\">\n<div id=\"div-c04aa22\" class=\"div-ca3e731 pb-14\">\n<a id=\"button-cbc66d8\" class=\"button-c393d0a cc-block-typo-font-1\" href=\"#apply\">Todos nuestros cursos cuentan con sellos de excelencia<\/a>\n<\/div>\n\n\n\n<div id=\"div-ca16ef2\" class=\"div-ca2e6a3\">\n<div id=\"columns-caae514\" class=\"columns-ca9eff9\">\n<div id=\"column-cca9549\" class=\"column-c7fdfaa\">\n<div id=\"div-cff1212\" class=\"div-ca3ccc5\">\n<img loading=\"lazy\" decoding=\"async\" id=\"image-c375e0f\" class=\"image-cd27eb3\" src=\"https:\/\/www.wizardpearson.com.py\/wp-content\/uploads\/2024\/03\/mayor-escuela-de-idiomas-wizard.png\" srcset=\"https:\/\/www.wizardpearson.com.py\/wp-content\/uploads\/2024\/03\/mayor-escuela-de-idiomas-wizard.png 512w, https:\/\/www.wizardpearson.com.py\/wp-content\/uploads\/2024\/03\/mayor-escuela-de-idiomas-wizard-300x300.png 300w, https:\/\/www.wizardpearson.com.py\/wp-content\/uploads\/2024\/03\/mayor-escuela-de-idiomas-wizard-150x150.png 150w, https:\/\/www.wizardpearson.com.py\/wp-content\/uploads\/2024\/03\/mayor-escuela-de-idiomas-wizard-12x12.png 12w\" sizes=\"auto, (max-width: 512px) 100vw, 512px\" width=\"512\" height=\"512\" alt=\"\">\n\n\n\n<p id=\"paragraph-c039e38\" class=\"paragraph-c76742e\">Wizard by Pearson tiene el orgullo de ser la escuela de idiomas m\u00e1s grande del mundo.<\/p>\n<\/div>\n<\/div>\n\n\n\n<div id=\"column-c6bfc49\" class=\"column-cf4c279\">\n<div id=\"div-c8aa9f6\" class=\"div-c68064e div-ca3ccc5\">\n<img loading=\"lazy\" decoding=\"async\" id=\"image-cc7bf79\" class=\"image-c92140b image-cd27eb3\" src=\"https:\/\/www.wizardpearson.com.py\/wp-content\/uploads\/2024\/03\/100-frases-por-clase-wz.png\" srcset=\"https:\/\/www.wizardpearson.com.py\/wp-content\/uploads\/2024\/03\/100-frases-por-clase-wz.png 512w, https:\/\/www.wizardpearson.com.py\/wp-content\/uploads\/2024\/03\/100-frases-por-clase-wz-300x300.png 300w, https:\/\/www.wizardpearson.com.py\/wp-content\/uploads\/2024\/03\/100-frases-por-clase-wz-150x150.png 150w, https:\/\/www.wizardpearson.com.py\/wp-content\/uploads\/2024\/03\/100-frases-por-clase-wz-12x12.png 12w\" sizes=\"auto, (max-width: 512px) 100vw, 512px\" width=\"512\" height=\"512\" alt=\"\">\n\n\n\n<p id=\"paragraph-c17d26b\" class=\"paragraph-cba6589 paragraph-c76742e\">Desde el 1\u00b0 d\u00eda el alumno aprende hasta 100 frases por clase y comienza a comunicarse en otro idioma.<\/p>\n<\/div>\n<\/div>\n\n\n\n<div id=\"column-c7d5755\" class=\"column-c0d197c\">\n<div id=\"div-ce32d15\" class=\"div-c13e413 div-ca3ccc5\">\n<img loading=\"lazy\" decoding=\"async\" id=\"image-c8a407d\" class=\"image-c2a5126 image-cd27eb3\" src=\"https:\/\/www.wizardpearson.com.py\/wp-content\/uploads\/2024\/03\/compromiso-wz.png\" srcset=\"https:\/\/www.wizardpearson.com.py\/wp-content\/uploads\/2024\/03\/compromiso-wz.png 512w, https:\/\/www.wizardpearson.com.py\/wp-content\/uploads\/2024\/03\/compromiso-wz-300x300.png 300w, https:\/\/www.wizardpearson.com.py\/wp-content\/uploads\/2024\/03\/compromiso-wz-150x150.png 150w, https:\/\/www.wizardpearson.com.py\/wp-content\/uploads\/2024\/03\/compromiso-wz-12x12.png 12w\" sizes=\"auto, (max-width: 512px) 100vw, 512px\" width=\"512\" height=\"512\" alt=\"\">\n\n\n\n<p id=\"paragraph-c1bbb32\" class=\"paragraph-c88bc76 paragraph-c76742e\">Garantizamos el aprendizaje efectivo de todos nuestros alumnos.<\/p>\n<\/div>\n<\/div>\n\n\n\n<div id=\"column-c6459f6\" class=\"column-c88a977\">\n<div id=\"div-c82589a\" class=\"div-cc13f76 div-ca3ccc5\">\n<img loading=\"lazy\" decoding=\"async\" id=\"image-c6f525a\" class=\"image-cc31ac1 image-cd27eb3\" src=\"https:\/\/www.wizardpearson.com.py\/wp-content\/uploads\/2024\/03\/tecnologia-exclusiva.png\" srcset=\"https:\/\/www.wizardpearson.com.py\/wp-content\/uploads\/2024\/03\/tecnologia-exclusiva.png 512w, https:\/\/www.wizardpearson.com.py\/wp-content\/uploads\/2024\/03\/tecnologia-exclusiva-300x300.png 300w, https:\/\/www.wizardpearson.com.py\/wp-content\/uploads\/2024\/03\/tecnologia-exclusiva-150x150.png 150w, https:\/\/www.wizardpearson.com.py\/wp-content\/uploads\/2024\/03\/tecnologia-exclusiva-12x12.png 12w\" sizes=\"auto, (max-width: 512px) 100vw, 512px\" width=\"512\" height=\"512\" alt=\"\">\n\n\n\n<p id=\"paragraph-c25cf9c\" class=\"paragraph-c4dc556 paragraph-c76742e\">Contamos con materiales innovadores y tecnol\u00f3gicos para facilitar el aprendizaje.<\/p>\n<\/div>\n<\/div>\n<\/div>\n<\/div>\n<\/div><\/section>\n\n\n\n<section id=\"section-c744c50\" class=\"section-cf75622 pb-32 py-32 cc-sct\"><div class=\"cc-separator-wrapper-top cc-separator-section-c744c50\" style=\"--filtertopseparator:none;transform:scaleX(-1)\"><svg class=\"cc-separator-top-self\" xmlns=\"http:\/\/www.w3.org\/2000\/svg\" viewbox=\"0 0 1000 100\" preserveaspectratio=\"none\"> <path d=\"M0,6V0h1000v100L0,6z\"><\/path><\/svg><\/div><div id=\"section-c744c50-wrapper\" class=\"section-cf75622-wrapper cc-wrapper\">\n<div id=\"div-cf03434\" class=\"div-c4c8039\">\n<a id=\"button-cef2b5c\" class=\"button-c4e12c0 cc-block-typo-font-1\" href=\"#apply\">Comprometidos con las necesidades de cada estudiante<\/a>\n<\/div>\n\n\n\n<div id=\"div-cf38012\" class=\"div-c91d492\">\n<p id=\"paragraph-ceff86c\" class=\"paragraph-ce1ff16\">Los estudiantes de Wizard califican para el mercado laboral, est\u00e1n preparados para hablar un nuevo idioma, es decir, para una vida biling\u00fce.<\/p>\n\n\n\n<p id=\"paragraph-c862b85\" class=\"paragraph-ce3ea94 paragraph-ce1ff16\">El estudiante aprende de forma sencilla y continua, y desarrolla las habilidades comunicativas para adquirir fluidez en otro idioma.<\/p>\n<\/div>\n\n\n\n<div id=\"div-ca8d265\" class=\"div-c6bab6d\">\n<div id=\"columns-cca8e2b\" class=\"columns-cdc1913\">\n<div id=\"column-cfdba59\" class=\"column-cb0ec71\"><\/div>\n\n\n\n<div id=\"column-ca1ff9d\" class=\"column-ce2c6d7\">\n<div id=\"div-ca23cf5\" class=\"div-cf680bb\">\n<img loading=\"lazy\" decoding=\"async\" id=\"image-c440a38\" class=\"image-c41f725\" src=\"https:\/\/www.wizardpearson.com.py\/wp-content\/uploads\/2024\/03\/lectura-wz.png\" srcset=\"https:\/\/www.wizardpearson.com.py\/wp-content\/uploads\/2024\/03\/lectura-wz.png 235w, https:\/\/www.wizardpearson.com.py\/wp-content\/uploads\/2024\/03\/lectura-wz-13x12.png 13w\" sizes=\"auto, (max-width: 235px) 100vw, 235px\" width=\"235\" height=\"222\" alt=\"\">\n\n\n\n<p id=\"paragraph-ca5dd62\" class=\"paragraph-c28d6d4\">Leer<\/p>\n<\/div>\n<\/div>\n\n\n\n<div id=\"column-c564f42\" class=\"column-cf2a340\">\n<div id=\"div-c7b6638\" class=\"div-c96ab9e div-cf680bb\">\n<img loading=\"lazy\" decoding=\"async\" id=\"image-c0067c2\" class=\"image-ca693bd image-c41f725\" src=\"https:\/\/www.wizardpearson.com.py\/wp-content\/uploads\/2024\/03\/escribe-wz.png\" srcset=\"https:\/\/www.wizardpearson.com.py\/wp-content\/uploads\/2024\/03\/escribe-wz.png 235w, https:\/\/www.wizardpearson.com.py\/wp-content\/uploads\/2024\/03\/escribe-wz-13x12.png 13w\" sizes=\"auto, (max-width: 235px) 100vw, 235px\" width=\"235\" height=\"222\" alt=\"\">\n\n\n\n<p id=\"paragraph-c1f2cb1\" class=\"paragraph-c0c2ac8 paragraph-c28d6d4\">Escribir<\/p>\n<\/div>\n<\/div>\n\n\n\n<div id=\"column-c9cb3a4\" class=\"column-c63899c\">\n<div id=\"div-c52b3d0\" class=\"div-ca1fb90 div-cf680bb\">\n<img loading=\"lazy\" decoding=\"async\" id=\"image-c231f3a\" class=\"image-cd4158a image-c41f725\" src=\"https:\/\/www.wizardpearson.com.py\/wp-content\/uploads\/2024\/03\/habla-wz.png\" srcset=\"https:\/\/www.wizardpearson.com.py\/wp-content\/uploads\/2024\/03\/habla-wz.png 235w, https:\/\/www.wizardpearson.com.py\/wp-content\/uploads\/2024\/03\/habla-wz-13x12.png 13w\" sizes=\"auto, (max-width: 235px) 100vw, 235px\" width=\"235\" height=\"222\" alt=\"\">\n\n\n\n<p id=\"paragraph-cee398d\" class=\"paragraph-c40a107 paragraph-c28d6d4\">Hablar<\/p>\n<\/div>\n<\/div>\n\n\n\n<div id=\"column-cd4472c\" class=\"column-c5a5288\">\n<div id=\"div-cc1a90e\" class=\"div-c5908ae div-cf680bb\">\n<img loading=\"lazy\" decoding=\"async\" id=\"image-c07fa2d\" class=\"image-cfab523 image-c41f725\" src=\"https:\/\/www.wizardpearson.com.py\/wp-content\/uploads\/2024\/03\/escucha-wz.png\" srcset=\"https:\/\/www.wizardpearson.com.py\/wp-content\/uploads\/2024\/03\/escucha-wz.png 235w, https:\/\/www.wizardpearson.com.py\/wp-content\/uploads\/2024\/03\/escucha-wz-13x12.png 13w\" sizes=\"auto, (max-width: 235px) 100vw, 235px\" width=\"235\" height=\"222\" alt=\"\">\n\n\n\n<p id=\"paragraph-c4e6c30\" class=\"paragraph-ca967fc paragraph-c28d6d4\">Escuchar<\/p>\n<\/div>\n<\/div>\n\n\n\n<div id=\"column-c798fa3\" class=\"column-cf8f304\"><\/div>\n<\/div>\n<\/div>\n<\/div><\/section>\n\n\n\n<section id=\"section-c960172\" class=\"section-c18e50a cc-sct\"><div id=\"section-c960172-wrapper\" class=\"section-c18e50a-wrapper cc-wrapper\">\n<img loading=\"lazy\" decoding=\"async\" id=\"image-c8cae9e\" class=\"image-c3a3db3\" src=\"https:\/\/www.wizardpearson.com.py\/wp-content\/uploads\/2024\/03\/wizard-escuela-de-idiomas-mas-grande-del-mundo-scaled.jpg\" srcset=\"https:\/\/www.wizardpearson.com.py\/wp-content\/uploads\/2024\/03\/wizard-escuela-de-idiomas-mas-grande-del-mundo-scaled.jpg 2560w, https:\/\/www.wizardpearson.com.py\/wp-content\/uploads\/2024\/03\/wizard-escuela-de-idiomas-mas-grande-del-mundo-300x89.jpg 300w, https:\/\/www.wizardpearson.com.py\/wp-content\/uploads\/2024\/03\/wizard-escuela-de-idiomas-mas-grande-del-mundo-1024x303.jpg 1024w, https:\/\/www.wizardpearson.com.py\/wp-content\/uploads\/2024\/03\/wizard-escuela-de-idiomas-mas-grande-del-mundo-768x227.jpg 768w, https:\/\/www.wizardpearson.com.py\/wp-content\/uploads\/2024\/03\/wizard-escuela-de-idiomas-mas-grande-del-mundo-1536x455.jpg 1536w, https:\/\/www.wizardpearson.com.py\/wp-content\/uploads\/2024\/03\/wizard-escuela-de-idiomas-mas-grande-del-mundo-2048x607.jpg 2048w, https:\/\/www.wizardpearson.com.py\/wp-content\/uploads\/2024\/03\/wizard-escuela-de-idiomas-mas-grande-del-mundo-18x5.jpg 18w\" sizes=\"auto, (max-width: 2560px) 100vw, 2560px\" width=\"2560\" height=\"758\" alt=\"\">\n<\/div><\/section>","protected":false},"excerpt":{"rendered":"","protected":false},"author":1,"featured_media":0,"parent":0,"menu_order":0,"comment_status":"closed","ping_status":"closed","template":"wp-custom-template-fullscreen","meta":{"_acf_changed":false,"footnotes":""},"class_list":["post-3727","page","type-page","status-publish","hentry"],"acf":[],"_links":{"self":[{"href":"https:\/\/www.wizardpearson.com.py\/pt\/wp-json\/wp\/v2\/pages\/3727","targetHints":{"allow":["GET"]}}],"collection":[{"href":"https:\/\/www.wizardpearson.com.py\/pt\/wp-json\/wp\/v2\/pages"}],"about":[{"href":"https:\/\/www.wizardpearson.com.py\/pt\/wp-json\/wp\/v2\/types\/page"}],"author":[{"embeddable":true,"href":"https:\/\/www.wizardpearson.com.py\/pt\/wp-json\/wp\/v2\/users\/1"}],"replies":[{"embeddable":true,"href":"https:\/\/www.wizardpearson.com.py\/pt\/wp-json\/wp\/v2\/comments?post=3727"}],"version-history":[{"count":278,"href":"https:\/\/www.wizardpearson.com.py\/pt\/wp-json\/wp\/v2\/pages\/3727\/revisions"}],"predecessor-version":[{"id":6300,"href":"https:\/\/www.wizardpearson.com.py\/pt\/wp-json\/wp\/v2\/pages\/3727\/revisions\/6300"}],"wp:attachment":[{"href":"https:\/\/www.wizardpearson.com.py\/pt\/wp-json\/wp\/v2\/media?parent=3727"}],"curies":[{"name":"wp","href":"https:\/\/api.w.org\/{rel}","templated":true}]}}