{"id":300,"date":"2022-06-28T23:36:39","date_gmt":"2022-06-29T03:36:39","guid":{"rendered":"https:\/\/www.wizardpearson.com.py\/?page_id=300"},"modified":"2024-02-16T14:07:19","modified_gmt":"2024-02-16T17:07:19","slug":"in-person-classes","status":"publish","type":"page","link":"https:\/\/www.wizardpearson.com.py\/pt\/differential\/in-person-classes\/","title":{"rendered":"Aulas presenciales"},"content":{"rendered":"<section id=\"section-c7e1753\" class=\"section-c64fa4a cc-sct\"><div id=\"section-c7e1753-wrapper\" class=\"section-c64fa4a-wrapper cc-wrapper\">\n<a id=\"div-cd2d43e\" class=\"div-c97705d\" href=\"https:\/\/www.wizardpearson.com.py\/pt\/differential\/in-person-classes\/#apply\">\n<img loading=\"lazy\" decoding=\"async\" id=\"image-c177142\" class=\"image-c834649\" src=\"https:\/\/www.wizardpearson.com.py\/wp-content\/uploads\/2023\/10\/wizard-aulas-presenciales-web.png\" srcset=\"https:\/\/www.wizardpearson.com.py\/wp-content\/uploads\/2023\/10\/wizard-aulas-presenciales-web.png 2560w, https:\/\/www.wizardpearson.com.py\/wp-content\/uploads\/2023\/10\/wizard-aulas-presenciales-web-300x129.png 300w, https:\/\/www.wizardpearson.com.py\/wp-content\/uploads\/2023\/10\/wizard-aulas-presenciales-web-1024x440.png 1024w, https:\/\/www.wizardpearson.com.py\/wp-content\/uploads\/2023\/10\/wizard-aulas-presenciales-web-768x330.png 768w, https:\/\/www.wizardpearson.com.py\/wp-content\/uploads\/2023\/10\/wizard-aulas-presenciales-web-1536x660.png 1536w, https:\/\/www.wizardpearson.com.py\/wp-content\/uploads\/2023\/10\/wizard-aulas-presenciales-web-2048x880.png 2048w, https:\/\/www.wizardpearson.com.py\/wp-content\/uploads\/2023\/10\/wizard-aulas-presenciales-web-18x8.png 18w\" sizes=\"auto, (max-width: 2560px) 100vw, 2560px\" width=\"2560\" height=\"1100\" alt=\"\">\n\n\n\n<img loading=\"lazy\" decoding=\"async\" id=\"image-c9bed62\" class=\"image-c65822a\" src=\"https:\/\/www.wizardpearson.com.py\/wp-content\/uploads\/2023\/10\/wizard-aulas-presenciales-mobile.png\" srcset=\"https:\/\/www.wizardpearson.com.py\/wp-content\/uploads\/2023\/10\/wizard-aulas-presenciales-mobile.png 1459w, https:\/\/www.wizardpearson.com.py\/wp-content\/uploads\/2023\/10\/wizard-aulas-presenciales-mobile-210x300.png 210w, https:\/\/www.wizardpearson.com.py\/wp-content\/uploads\/2023\/10\/wizard-aulas-presenciales-mobile-717x1024.png 717w, https:\/\/www.wizardpearson.com.py\/wp-content\/uploads\/2023\/10\/wizard-aulas-presenciales-mobile-768x1098.png 768w, https:\/\/www.wizardpearson.com.py\/wp-content\/uploads\/2023\/10\/wizard-aulas-presenciales-mobile-1075x1536.png 1075w, https:\/\/www.wizardpearson.com.py\/wp-content\/uploads\/2023\/10\/wizard-aulas-presenciales-mobile-1433x2048.png 1433w, https:\/\/www.wizardpearson.com.py\/wp-content\/uploads\/2023\/10\/wizard-aulas-presenciales-mobile-8x12.png 8w\" sizes=\"auto, (max-width: 1459px) 100vw, 1459px\" width=\"1459\" height=\"2085\" alt=\"\">\n<\/a>\n<\/div><\/section>\n\n\n\n<section id=\"section-c44b072\" class=\"section-c5d0160 py-14 cc-sct\"><div id=\"section-c44b072-wrapper\" class=\"section-c5d0160-wrapper cc-wrapper\">\n<div id=\"div-c7fc392\" class=\"div-cc156e7\">\n<a id=\"div-c2759d8\" class=\"div-cb4601a cc-lightbox\" data-overlay=\"#003057cc\" href=\"https:\/\/6156334.fs1.hubspotusercontent-na1.net\/hubfs\/6156334\/Wizard\/Experiencias%20pauta%20yt.mp4\" data-lightbox=\"\" data-gallery=\"Video\" rel=\"nofollow noopener\" target=\"_blank\">\n<div id=\"icon-cd5606d\" class=\"icon-c100359\" style=\"--ccaos-duration:1.3s;--ccaos-delay:0.3s;--ccaos-easing:eases;\" data-aos=\"fade-in-down-small\" data-aos-once=\"true\"><svg xmlns=\"http:\/\/www.w3.org\/2000\/svg\" viewbox=\"0 0 22 28\"><path d=\"M21.625 14.484l-20.75 11.531c-0.484 0.266-0.875 0.031-0.875-0.516v-23c0-0.547 0.391-0.781 0.875-0.516l20.75 11.531c0.484 0.266 0.484 0.703 0 0.969z\"><\/path><\/svg><\/div>\n\n\n\n<img decoding=\"async\" id=\"image-c0d67f1\" class=\"image-c0baffd\" src=\"https:\/\/www.wizardpearson.com.py\/wp-content\/uploads\/2023\/10\/wizard-cover-video-presencial.png\" alt=\"\">\n<\/a>\n<\/div>\n<\/div><\/section>\n\n\n\n<section id=\"section-c2b1bd1\" class=\"section-c063d9d py-14 cc-sct\"><div id=\"section-c2b1bd1-wrapper\" class=\"section-c063d9d-wrapper cc-wrapper\">\n<div id=\"div-c3ce237\" class=\"div-c845904 py-14\">\n<img loading=\"lazy\" decoding=\"async\" id=\"image-ced116c\" class=\"image-c882a85\" src=\"https:\/\/www.wizardpearson.com.py\/wp-content\/uploads\/2023\/07\/wizard-pearson-paraguay-back.png\" srcset=\"https:\/\/www.wizardpearson.com.py\/wp-content\/uploads\/2023\/07\/wizard-pearson-paraguay-back.png 3376w, https:\/\/www.wizardpearson.com.py\/wp-content\/uploads\/2023\/07\/wizard-pearson-paraguay-back-218x300.png 218w, https:\/\/www.wizardpearson.com.py\/wp-content\/uploads\/2023\/07\/wizard-pearson-paraguay-back-744x1024.png 744w, https:\/\/www.wizardpearson.com.py\/wp-content\/uploads\/2023\/07\/wizard-pearson-paraguay-back-768x1056.png 768w, https:\/\/www.wizardpearson.com.py\/wp-content\/uploads\/2023\/07\/wizard-pearson-paraguay-back-1117x1536.png 1117w, https:\/\/www.wizardpearson.com.py\/wp-content\/uploads\/2023\/07\/wizard-pearson-paraguay-back-1489x2048.png 1489w, https:\/\/www.wizardpearson.com.py\/wp-content\/uploads\/2023\/07\/wizard-pearson-paraguay-back-9x12.png 9w\" sizes=\"auto, (max-width: 3376px) 100vw, 3376px\" width=\"3376\" height=\"4644\" alt=\"\" style=\"--ccaos-duration:1.6s;--ccaos-delay:0.2s;--ccaos-easing:eases;\" data-aos=\"fade-in-left-small\">\n\n\n\n<div id=\"div-cd52eb8\" class=\"div-cc7acfe\">\n<p id=\"paragraph-c7f61df\" class=\"paragraph-c1ac7ff\">Para asegurar que logres fluidez en un nuevo idioma, Wizard tiene dos experiencias de clases presenciales para que elijas cu\u00e1l es la ideal para tu perfil. La metodolog\u00eda de ense\u00f1anza es la misma en ambas experiencias de clase, s\u00f3lo que la conducci\u00f3n de la clase ser\u00e1 diferente entre profesor y alumno, y vos eleg\u00eds cu\u00e1l es mejor para tu aprendizaje.<\/p>\n\n\n\n<p id=\"paragraph-cd3b681\" class=\"paragraph-c514614\"><br>Connections e Interactive, dos formas de ense\u00f1anza, pero con el mismo compromiso con el aprendizaje que Wizard se enorgullece de ofrecer a todos sus alumnos.<\/p>\n<\/div>\n<\/div>\n<\/div><\/section>\n\n\n\n<section id=\"section-cea1ff2\" class=\"section-c9bb458 cc-sct\"><div id=\"section-cea1ff2-wrapper\" class=\"section-c9bb458-wrapper cc-wrapper\">\n<div id=\"columns-ca42b77\" class=\"columns-c53ba71\">\n<div id=\"column-cac4add\" class=\"column-c04edd7\">\n<a id=\"div-c5dd77e\" class=\"div-c401409\" href=\"https:\/\/www.wizardpearson.com.py\/pt\/differential\/in-person-classes\/#apply\">\n<img loading=\"lazy\" decoding=\"async\" id=\"image-c7e2877\" class=\"image-c8e9d4f\" src=\"https:\/\/www.wizardpearson.com.py\/wp-content\/uploads\/2023\/10\/Activities-PhotoRoom-Connections.png\" srcset=\"https:\/\/www.wizardpearson.com.py\/wp-content\/uploads\/2023\/10\/Activities-PhotoRoom-Connections.png 820w, https:\/\/www.wizardpearson.com.py\/wp-content\/uploads\/2023\/10\/Activities-PhotoRoom-Connections-300x210.png 300w, https:\/\/www.wizardpearson.com.py\/wp-content\/uploads\/2023\/10\/Activities-PhotoRoom-Connections-768x539.png 768w, https:\/\/www.wizardpearson.com.py\/wp-content\/uploads\/2023\/10\/Activities-PhotoRoom-Connections-18x12.png 18w\" sizes=\"auto, (max-width: 820px) 100vw, 820px\" width=\"820\" height=\"575\" alt=\"\">\n<\/a>\n<\/div>\n\n\n\n<div id=\"column-c602ca6\" class=\"column-cf8f1c4\">\n<div id=\"div-c278393\" class=\"div-cbf7af7\">\n<div id=\"list-c051877\" class=\"list-c5651d4 cc-icon-list\"><ul><li><span>Modelo de clase enfocado en socializaci\u00f3n y conexi\u00f3n entre alumnos del mismo nivel;<\/span><\/li><li><span>El profesor gu\u00eda e impulsa el ritmo de la clase.<\/span><\/li><li><span>Todos los alumnos est\u00e1n en el mismo momento de aprendizaje, siguiendo las actividades propuestas en conjunto.<\/span><\/li><\/ul><\/div>\n\n\n\n<img loading=\"lazy\" decoding=\"async\" id=\"image-c71ed72\" class=\"image-cc1d6d1\" src=\"https:\/\/www.wizardpearson.com.py\/wp-content\/uploads\/2023\/11\/wizard-interactive-wz.png\" srcset=\"https:\/\/www.wizardpearson.com.py\/wp-content\/uploads\/2023\/11\/wizard-interactive-wz.png 1232w, https:\/\/www.wizardpearson.com.py\/wp-content\/uploads\/2023\/11\/wizard-interactive-wz-300x145.png 300w, https:\/\/www.wizardpearson.com.py\/wp-content\/uploads\/2023\/11\/wizard-interactive-wz-1024x495.png 1024w, https:\/\/www.wizardpearson.com.py\/wp-content\/uploads\/2023\/11\/wizard-interactive-wz-768x372.png 768w, https:\/\/www.wizardpearson.com.py\/wp-content\/uploads\/2023\/11\/wizard-interactive-wz-18x9.png 18w\" sizes=\"auto, (max-width: 1232px) 100vw, 1232px\" width=\"1232\" height=\"596\" alt=\"\" style=\"--ccaos-duration:0.6s;--ccaos-easing:eases;\" data-aos=\"fade-in-up-small\" data-aos-anchor-placement=\"top-center\">\n<\/div>\n<\/div>\n<\/div>\n<\/div><\/section>\n\n\n\n<section id=\"section-cd22dc5\" class=\"section-c34323c cc-sct\"><div id=\"section-cd22dc5-wrapper\" class=\"section-c34323c-wrapper cc-wrapper\">\n<div id=\"columns-c7b5b8e\" class=\"columns-c594bac\">\n<div id=\"column-ca172a4\" class=\"column-c725c2d\">\n<div id=\"div-c4181f4\" class=\"div-c53c17d\">\n<div id=\"list-c9fb491\" class=\"list-c19ad7f cc-icon-list\"><ul><li><span>Clases multiniveles que estimulan la conexi\u00f3n entre diferentes alumnos;<\/span><\/li><li><span>El alumno conduce su ritmo de aprendizaje con autonom\u00eda e independencia por medio del Wiz.tab;<\/span><\/li><li><span>El profesor acompa\u00f1a el progreso del alumno y aclara todas sus dudas en cada clase.<\/span><\/li><\/ul><\/div>\n\n\n\n<img loading=\"lazy\" decoding=\"async\" id=\"image-ccecc6d\" class=\"image-c0d3c1d\" src=\"https:\/\/www.wizardpearson.com.py\/wp-content\/uploads\/2023\/10\/wizard-interactive.png\" srcset=\"https:\/\/www.wizardpearson.com.py\/wp-content\/uploads\/2023\/10\/wizard-interactive.png 1232w, https:\/\/www.wizardpearson.com.py\/wp-content\/uploads\/2023\/10\/wizard-interactive-300x145.png 300w, https:\/\/www.wizardpearson.com.py\/wp-content\/uploads\/2023\/10\/wizard-interactive-1024x495.png 1024w, https:\/\/www.wizardpearson.com.py\/wp-content\/uploads\/2023\/10\/wizard-interactive-768x372.png 768w, https:\/\/www.wizardpearson.com.py\/wp-content\/uploads\/2023\/10\/wizard-interactive-18x9.png 18w\" sizes=\"auto, (max-width: 1232px) 100vw, 1232px\" width=\"1232\" height=\"596\" alt=\"\" style=\"--ccaos-duration:0.6s;--ccaos-easing:eases;\" data-aos=\"fade-in-up-small\">\n<\/div>\n<\/div>\n\n\n\n<div id=\"column-c9fb95b\" class=\"column-cf0dd38\">\n<a id=\"div-c1e168e\" class=\"div-cd35d80\" href=\"https:\/\/www.wizardpearson.com.py\/pt\/differential\/in-person-classes\/#apply\">\n<img loading=\"lazy\" decoding=\"async\" id=\"image-c8a602b\" class=\"image-c726221\" src=\"https:\/\/www.wizardpearson.com.py\/wp-content\/uploads\/2023\/10\/Activities-PhotoRoom-Interactive.png\" srcset=\"https:\/\/www.wizardpearson.com.py\/wp-content\/uploads\/2023\/10\/Activities-PhotoRoom-Interactive.png 977w, https:\/\/www.wizardpearson.com.py\/wp-content\/uploads\/2023\/10\/Activities-PhotoRoom-Interactive-300x190.png 300w, https:\/\/www.wizardpearson.com.py\/wp-content\/uploads\/2023\/10\/Activities-PhotoRoom-Interactive-768x487.png 768w, https:\/\/www.wizardpearson.com.py\/wp-content\/uploads\/2023\/10\/Activities-PhotoRoom-Interactive-18x12.png 18w\" sizes=\"auto, (max-width: 977px) 100vw, 977px\" width=\"977\" height=\"620\" alt=\"\">\n<\/a>\n<\/div>\n<\/div>\n<\/div><\/section>\n\n\n\n<section id=\"section-cbbf3ea\" class=\"section-ccb131d py-32 cc-sct\"><div id=\"section-cbbf3ea-wrapper\" class=\"section-ccb131d-wrapper cc-wrapper\">\n<div id=\"div-c2ef92c\" class=\"div-c4c50e5\">\n<h1 id=\"heading-c4072b2\" class=\"heading-c955876\">\u00bfPor qu\u00e9 elegirnos?<\/h1>\n<\/div>\n\n\n\n<div id=\"div-c799d6a\" class=\"div-cf2157d\">\n<div id=\"columns-c1d7e28\" class=\"columns-c77709a\">\n<div id=\"column-c2bc71d\" class=\"column-c4c0ef6\">\n<div id=\"div-cef3684\" class=\"div-c2496fb\">\n<h1 id=\"heading-c7f7729\" class=\"heading-c8ee657\">Metodolog\u00eda<\/h1>\n\n\n\n<p id=\"paragraph-ce11bdf\" class=\"paragraph-c79025e\">Con una metodolog\u00eda con foco en la pronunciaci\u00f3n, la conversaci\u00f3n y la interacci\u00f3n, el alumno aprende mediante modelos simples y pr\u00e1cticos de asociaci\u00f3n de palabras.<\/p>\n<\/div>\n<\/div>\n\n\n\n<div id=\"column-c4e1f55\" class=\"column-c0755f9 column-c4c0ef6\">\n<div id=\"div-cf42f71\" class=\"div-c5fee5c div-c2496fb\">\n<h1 id=\"heading-c50fbae\" class=\"heading-c4e9473 heading-c8ee657\">Certificaci\u00f3n<\/h1>\n\n\n\n<p id=\"paragraph-ca487d1\" class=\"paragraph-c281c5e paragraph-c79025e\">Mide tu nivel de conocimiento para que obtengas beneficios tanto laborales como educativos, donde es requisito contar con conocimientos en el idioma.<\/p>\n<\/div>\n<\/div>\n\n\n\n<div id=\"column-c9d721a\" class=\"column-c7fe4a4 column-c4c0ef6\">\n<div id=\"div-c06343c\" class=\"div-c061b35 div-c2496fb\">\n<h1 id=\"heading-c10da62\" class=\"heading-c0ee680 heading-c8ee657\">Wiz.me<\/h1>\n\n\n\n<p id=\"paragraph-c1cbb13\" class=\"paragraph-cc617c2 paragraph-c79025e\">Tu asistente personal, para que pueda seguir practicando ingl\u00e9s en cualquier momento del d\u00eda.<\/p>\n<\/div>\n<\/div>\n\n\n\n<div id=\"column-c86a1e4\" class=\"column-c046460 column-c4c0ef6\">\n<div id=\"div-ce5fe73\" class=\"div-cfd9586 div-c2496fb\">\n<h1 id=\"heading-c1342a1\" class=\"heading-cef8c6a heading-c8ee657\">WIZPEN<\/h1>\n\n\n\n<p id=\"paragraph-c0cc0c2\" class=\"paragraph-c9b5fa6 paragraph-c79025e\">Tu mejor aliado a la hora de practicar tu pronunciaci\u00f3n.<\/p>\n<\/div>\n<\/div>\n<\/div>\n<\/div>\n<\/div><\/section>\n\n\n\n<section id=\"section-cc66dc7\" class=\"section-c143a2f cc-sct\"><div id=\"section-cc66dc7-wrapper\" class=\"section-c143a2f-wrapper cc-wrapper\">\n<div id=\"div-cbbce57\" class=\"div-c82e5c5\">\n<h1 id=\"heading-c00caf2\" class=\"heading-c9b4a40\">Con Wizard, podr\u00e1s hablar ingl\u00e9s de manera efectiva<\/h1>\n<\/div>\n\n\n\n<div id=\"div-cf7dc0f\" class=\"div-ce224bf\">\n<div id=\"columns-c3cd478\" class=\"columns-cf69111\">\n<div id=\"column-cb8bfbd\" class=\"column-c0dc195\">\n<div id=\"div-cfb0b29\" class=\"div-c998986\">\n<h1 id=\"heading-ca58de5\" class=\"heading-cd9baf9\">Listening\/Escuchar<\/h1>\n\n\n\n<p id=\"paragraph-c4cd15a\" class=\"paragraph-ca23d70\">Al estudiar un nuevo idioma, es fundamental desarrollar tu comprensi\u00f3n del idioma escuchando el di\u00e1logo nativo. Comprende conversaciones en ingl\u00e9s con las clases de Wizard.<\/p>\n<\/div>\n<\/div>\n\n\n\n<div id=\"column-c58c736\" class=\"column-c67aa81 column-c0dc195\">\n<div id=\"div-c5a1434\" class=\"div-c6dd43b div-c998986\">\n<h1 id=\"heading-ce662a0\" class=\"heading-c6eb6fe heading-c8ee657\">Speaking\/Hablar<\/h1>\n\n\n\n<p id=\"paragraph-c546ada\" class=\"paragraph-c21fc51 paragraph-ca23d70\">Desarroll\u00e1, aprende una pronunciaci\u00f3n correcta al hablar el idioma ingl\u00e9s. Con las clases de Wizard, aprende a expresarte y comunicarte en ingl\u00e9s desde tu primera clase<\/p>\n<\/div>\n<\/div>\n\n\n\n<div id=\"column-c255f4e\" class=\"column-c556809 column-c0dc195\">\n<div id=\"div-c4c3f21\" class=\"div-c4f8a96 div-c998986\">\n<h1 id=\"heading-ca305e9\" class=\"heading-cb227b9 heading-c8ee657\">Reading\/Leer<\/h1>\n\n\n\n<p id=\"paragraph-c6d30c9\" class=\"paragraph-cbc6ca6 paragraph-ca23d70\">Al estudiar en Wizard, mejoras tu comprensi\u00f3n de textos y frases en ingl\u00e9s al leer contenido escrito en ingl\u00e9s.<\/p>\n<\/div>\n<\/div>\n\n\n\n<div id=\"column-c783fbc\" class=\"column-c3c995d column-c0dc195\">\n<div id=\"div-c589330\" class=\"div-c80f1a7 div-c998986\">\n<h1 id=\"heading-c676635\" class=\"heading-c33d329 heading-c8ee657\">Writing\/Escribir<\/h1>\n\n\n\n<p id=\"paragraph-cbbd818\" class=\"paragraph-c323735 paragraph-ca23d70\">Con el curso Wizard English, aprend\u00e9 a escribir palabras, frases y textos en general con la gram\u00e1tica y el vocabulario correctos del idioma ingl\u00e9s.<\/p>\n<\/div>\n<\/div>\n<\/div>\n<\/div>\n<\/div><\/section>\n\n\n\n<section id=\"section-c522eb1\" class=\"section-c1c9653 py-32 cc-sct\"><div id=\"section-c522eb1-wrapper\" class=\"section-c1c9653-wrapper cc-wrapper\">\n<div id=\"div-c20cfe7\" class=\"div-cf4fca0\">\n<h1 id=\"heading-c2124d3\" class=\"heading-c25c163\">Con Wizard, podr\u00e1s hablar ingl\u00e9s de manera efectiva<\/h1>\n<\/div>\n\n\n\n<div id=\"div-cb5a99d\" class=\"div-c22c84f\">\n<div id=\"columns-c38781e\" class=\"columns-c18f661\">\n<div id=\"column-ccac3c5\" class=\"column-c179459\">\n<div id=\"div-cff72c4\" class=\"div-c3f84d0\">\n<h1 id=\"heading-c2189d5\" class=\"heading-c06c13a\">Listening\/Escuchar<\/h1>\n\n\n\n<p id=\"paragraph-c812516\" class=\"paragraph-c991f62\">Al estudiar un nuevo idioma, es fundamental desarrollar tu comprensi\u00f3n del idioma escuchando el di\u00e1logo nativo. Comprende conversaciones en ingl\u00e9s con las clases de Wizard.<\/p>\n<\/div>\n<\/div>\n\n\n\n<div id=\"column-c7fd7a4\" class=\"column-c18baeb column-c179459\">\n<div id=\"div-cc2667b\" class=\"div-c80a89c div-c3f84d0\">\n<h1 id=\"heading-cf861d6\" class=\"heading-cc6524f heading-c06c13a\">Speaking\/Hablar<\/h1>\n\n\n\n<p id=\"paragraph-cff713a\" class=\"paragraph-c844f9a paragraph-c991f62\">Desarroll\u00e1 y aprend\u00e9 una pronunciaci\u00f3n correcta al hablar el idioma ingl\u00e9s. Con las clases de Wizard, aprend\u00e9 a expresarte y comunicarte en ingl\u00e9s desde tu primera clase.<\/p>\n<\/div>\n<\/div>\n\n\n\n<div id=\"column-c4125d1\" class=\"column-cc0082c column-c179459\">\n<div id=\"div-cb1a662\" class=\"div-cfecfde div-c3f84d0\">\n<h1 id=\"heading-c89f0b5\" class=\"heading-c6f7685 heading-c06c13a\">Reading\/Leer<\/h1>\n\n\n\n<p id=\"paragraph-ca04ff9\" class=\"paragraph-c19e7cf paragraph-c991f62\"><strong>Al estudiar en Wizard, mejoras tu comprensi\u00f3n de textos y frases en ingl\u00e9s al leer contenido escrito en ingl\u00e9s.<\/strong><\/p>\n<\/div>\n<\/div>\n\n\n\n<div id=\"column-c323ee7\" class=\"column-c57258a column-c179459\">\n<div id=\"div-cbbc21f\" class=\"div-c47c300 div-c3f84d0\">\n<h1 id=\"heading-c3c36a7\" class=\"heading-cc72e74 heading-c06c13a\">Writing\/Escribir<\/h1>\n\n\n\n<p id=\"paragraph-c0e300e\" class=\"paragraph-c335dec paragraph-c991f62\"><strong>Con el curso Wizard English, aprend\u00e9 a escribir palabras, frases y textos en general con la gram\u00e1tica y el vocabulario correctos del idioma ingl\u00e9s.<\/strong><\/p>\n<\/div>\n<\/div>\n<\/div>\n<\/div>\n<\/div><\/section>","protected":false},"excerpt":{"rendered":"","protected":false},"author":1,"featured_media":0,"parent":133,"menu_order":1,"comment_status":"closed","ping_status":"closed","template":"wp-custom-template-fullscreen","meta":{"_acf_changed":false,"footnotes":""},"class_list":["post-300","page","type-page","status-publish","hentry"],"acf":[],"_links":{"self":[{"href":"https:\/\/www.wizardpearson.com.py\/pt\/wp-json\/wp\/v2\/pages\/300","targetHints":{"allow":["GET"]}}],"collection":[{"href":"https:\/\/www.wizardpearson.com.py\/pt\/wp-json\/wp\/v2\/pages"}],"about":[{"href":"https:\/\/www.wizardpearson.com.py\/pt\/wp-json\/wp\/v2\/types\/page"}],"author":[{"embeddable":true,"href":"https:\/\/www.wizardpearson.com.py\/pt\/wp-json\/wp\/v2\/users\/1"}],"replies":[{"embeddable":true,"href":"https:\/\/www.wizardpearson.com.py\/pt\/wp-json\/wp\/v2\/comments?post=300"}],"version-history":[{"count":97,"href":"https:\/\/www.wizardpearson.com.py\/pt\/wp-json\/wp\/v2\/pages\/300\/revisions"}],"predecessor-version":[{"id":3913,"href":"https:\/\/www.wizardpearson.com.py\/pt\/wp-json\/wp\/v2\/pages\/300\/revisions\/3913"}],"up":[{"embeddable":true,"href":"https:\/\/www.wizardpearson.com.py\/pt\/wp-json\/wp\/v2\/pages\/133"}],"wp:attachment":[{"href":"https:\/\/www.wizardpearson.com.py\/pt\/wp-json\/wp\/v2\/media?parent=300"}],"curies":[{"name":"wp","href":"https:\/\/api.w.org\/{rel}","templated":true}]}}